{"id":4050,"date":"2025-06-10T20:08:16","date_gmt":"2025-06-10T18:08:16","guid":{"rendered":"https:\/\/nmf.no\/?page_id=4050"},"modified":"2025-06-13T09:55:25","modified_gmt":"2025-06-13T07:55:25","slug":"marintvaern","status":"publish","type":"page","link":"https:\/\/nmf.no\/en\/marintvaern\/","title":{"rendered":"Marintvern underskriftskampanje"},"content":{"rendered":"<div class=\"wpb-content-wrapper\"><div id=\"oppdatering-mars-2023\" class=\"vc_row wpb_row vc_row-fluid saker-row\"><div class=\"wpb_column vc_column_container vc_col-sm-2\"><div class=\"vc_column-inner\"><div class=\"wpb_wrapper\"><\/div><\/div><\/div><div class=\"wpb_column vc_column_container vc_col-sm-8\"><div class=\"vc_column-inner\"><div class=\"wpb_wrapper\"><div class=\"spacer\" style=\"--space-sm: 0px;--space-md: 30px;--space-lg: 30px;--space-xl: 30px;\"><\/div><div class=\"spacer\" style=\"--space-sm: 5px;--space-md: 30px;--space-lg: 30px;--space-xl: 30px;\"><\/div><div class=\"spacer\" style=\"--space-sm: 15px;--space-md: 15px;--space-lg: 15px;--space-xl: 15px;\"><\/div><div class=\"header left   \"><h2 class=\"font-size-xss\" title=\"Underskriftskampanje for reelt marint vern - ikke mer \u201cjuksevern\u201d!\" >Underskriftskampanje for reelt marint vern - ikke mer \u201cjuksevern\u201d!<\/h2><\/div>\n\t<div class=\"wpb_text_column wpb_content_element \" >\n\t\t<div class=\"wpb_wrapper\">\n\t\t\t<p>Havet v\u00e5rt er i krise. Fiskebestandene svekkes, bunnhabitater \u00f8delegges, plast, bly og fors\u00f8pling sprer seg \u2013 og selv de omr\u00e5dene som er \u201cvernet\u201d, er i realiteten \u00e5pne for fiske, oppdrett, inngrep og utnyttelse. Norge fremstiller seg som en global milj\u00f8vernnasjon, men\u00a0bak fasaden finner vi et marint vern uten reell beskyttelse.<\/p>\n\n\t\t<\/div>\n\t<\/div>\n<div class=\"spacer\" style=\"--space-sm: 5px;--space-md: 20px;--space-lg: 20px;--space-xl: 20px;\"><\/div>\n\t\t\t<figure class=\"standard-image no-caption saker-img none\">\n\t\t\t\t<img loading=\"lazy\" decoding=\"async\" width=\"1920\" height=\"1080\" src=\"https:\/\/nmf.no\/wp-content\/uploads\/2025\/06\/Opprop-ekte-vern-vs-juksevern-1920x1080-b.jpg\" class=\"attachment- size-\" alt=\"\" srcset=\"https:\/\/nmf.no\/wp-content\/uploads\/2025\/06\/Opprop-ekte-vern-vs-juksevern-1920x1080-b.jpg 1920w, https:\/\/nmf.no\/wp-content\/uploads\/2025\/06\/Opprop-ekte-vern-vs-juksevern-1920x1080-b-300x169.jpg 300w, https:\/\/nmf.no\/wp-content\/uploads\/2025\/06\/Opprop-ekte-vern-vs-juksevern-1920x1080-b-1024x576.jpg 1024w, https:\/\/nmf.no\/wp-content\/uploads\/2025\/06\/Opprop-ekte-vern-vs-juksevern-1920x1080-b-768x432.jpg 768w, https:\/\/nmf.no\/wp-content\/uploads\/2025\/06\/Opprop-ekte-vern-vs-juksevern-1920x1080-b-1536x864.jpg 1536w, https:\/\/nmf.no\/wp-content\/uploads\/2025\/06\/Opprop-ekte-vern-vs-juksevern-1920x1080-b-18x10.jpg 18w, https:\/\/nmf.no\/wp-content\/uploads\/2025\/06\/Opprop-ekte-vern-vs-juksevern-1920x1080-b-320x180.jpg 320w, https:\/\/nmf.no\/wp-content\/uploads\/2025\/06\/Opprop-ekte-vern-vs-juksevern-1920x1080-b-420x236.jpg 420w, https:\/\/nmf.no\/wp-content\/uploads\/2025\/06\/Opprop-ekte-vern-vs-juksevern-1920x1080-b-576x324.jpg 576w, https:\/\/nmf.no\/wp-content\/uploads\/2025\/06\/Opprop-ekte-vern-vs-juksevern-1920x1080-b-992x558.jpg 992w, https:\/\/nmf.no\/wp-content\/uploads\/2025\/06\/Opprop-ekte-vern-vs-juksevern-1920x1080-b-1200x675.jpg 1200w\" sizes=\"auto, (max-width: 1920px) 100vw, 1920px\">\n\t\t\t\t\n\t\t\t<\/figure>\n\t<div class=\"wpb_text_column wpb_content_element \" >\n\t\t<div class=\"wpb_wrapper\">\n\t\t\t<p>Foto: Til h\u00f8yre:<span data-olk-copy-source=\"MessageBody\">Vebj\u00f8rn Karlsen, Til venstre: Erling Svendsen.\u00a0<\/span><\/p>\n\n\t\t<\/div>\n\t<\/div>\n\n\t<div class=\"wpb_text_column wpb_content_element \" >\n\t\t<div class=\"wpb_wrapper\">\n\t\t\t<h4><strong>Saltstraumen \u2013 et skrekkeksempel<\/strong><\/h4>\n<p>Saltstraumen marine verneomr\u00e5de ble i 2013 opprettet for \u00e5 beskytte et unikt og s\u00e5rbart \u00f8kosystem. Likevel tillates sv\u00e6rt omfattende fritids og turistfiske, og omr\u00e5det er i dag preget av s\u00f8ppel, tapte fiskesluker, fiskesn\u00f8rer og fiskeredskaper, som fanger og kveler det marine livet, med d\u00f8de fisk og sj\u00f8fugl som resultat. \u00c5 tillate n\u00e6rmest full utnyttelse av naturressursene i verneomr\u00e5der er\u00a0\u201cjuksevern\u201d i praksis\u00a0\u2013 og det skjer under merkelappen \u201cvern\u201d.<\/p>\n<p>I tillegg ligger \u00e5pne oppdrettsanlegg tett inntil det vernede omr\u00e5det. De sprer kloakk, slam, sykdommer, kjemi, nitrogen og kobber ut i sj\u00f8en, rett ved det marine verneomr\u00e5det. Og hva gj\u00f8r forvaltningen? Lite. \u00a0Fredningen av steinbit i 2024 kom f\u00f8rst etter kraftig press \u2013 da skadene allerede var store.<\/p>\n<h4><strong>Hva vi krever:<\/strong><\/h4>\n<p>Vi \u2013 og tusenvis av andre \u2013 krever et\u00a0reelt, kunnskapsbasert og framtidsrettet vern\u00a0av havet:<\/p>\n\n\t\t<\/div>\n\t<\/div>\n<div class=\"vc_row wpb_row vc_inner vc_row-fluid\"><div class=\"wpb_column vc_column_container vc_col-sm-6\"><div class=\"vc_column-inner\"><div class=\"wpb_wrapper\">\n\t<div class=\"wpb_text_column wpb_content_element \" >\n\t\t<div class=\"wpb_wrapper\">\n\t\t\t<ul>\n<li>Full beskyttelse av marine n\u00f8kkelomr\u00e5der \u2013 ikke bare p\u00e5 papiret.<\/li>\n<li>Nullfiske og null h\u00f8sting i s\u00e5rbare omr\u00e5der.<\/li>\n<li>Stopp for fors\u00f8pling og sp\u00f8kelsesfiske i verneomr\u00e5der.<\/li>\n<li>Ingen \u00e5pne oppdrettsanlegg i eller n\u00e6r marine verneomr\u00e5der.<\/li>\n<li>Tydelige bevaringsm\u00e5l, overv\u00e5king og uavhengig kontroll.<\/li>\n<li>H\u00f8ringsprosesser som lytter til lokal og faglig bekymring.<\/li>\n<\/ul>\n\n\t\t<\/div>\n\t<\/div>\n\n\t<div class=\"wpb_text_column wpb_content_element \" >\n\t\t<div class=\"wpb_wrapper\">\n\t\t\t<p>Dette handler ikke bare om Saltstraumen, eller de f\u00e5 andre omr\u00e5dene vi har vernet \u2013 det handler om hvordan vi forvalter havet v\u00e5rt. Norge har forpliktet seg internasjonalt til \u00e5 beskytte 30 % av havomr\u00e5dene v\u00e5re innen 2030. I dag har vi kun vernet 4,6 % \u2013 og nesten ingen av disse omr\u00e5dene har reell, \u00f8kologisk beskyttelse.<\/p>\n<h4><strong>Signer n\u00e5 \u2013 for framtidens hav<\/strong><\/h4>\n\n\t\t<\/div>\n\t<\/div>\n<\/div><\/div><\/div><div class=\"marintvaernpage-form wpb_column vc_column_container vc_col-sm-6\"><div class=\"vc_column-inner\"><div class=\"wpb_wrapper\"><div class=\"spacer\" style=\"--space-sm: 30px;--space-md: 30px;--space-lg: 30px;--space-xl: 15px;\"><\/div>\n\t<div class=\"wpb_raw_code wpb_content_element wpb_raw_html\" >\n\t\t<div class=\"wpb_wrapper\">\n\t\t\t<div class=\"signature-box-landscape\">\n    <div class=\"signature-counter-header\">\n        <h2>St\u00f8tt oppropet<\/h2>\n\n    <\/div>\n    <div id=\"signature-form-g1\" class=\"signature-form-blue\">\n        <div class=\"wpforms-container signature-form-g1\" id=\"wpforms-3840\"><form id=\"wpforms-form-3840\" class=\"wpforms-validate wpforms-form wpforms-ajax-form\" data-formid=\"3840\" method=\"post\" enctype=\"multipart\/form-data\" action=\"\/en\/wp-json\/wp\/v2\/pages\/4050\" data-token=\"ece7d656b8c406b12764065faa029a6f\" data-token-time=\"1776997428\"><noscript class=\"wpforms-error-noscript\">Please enable JavaScript in your browser to complete this form.<\/noscript><div class=\"wpforms-field-container\">\t\t<div id=\"wpforms-3840-field_3-container\"\n\t\t\tclass=\"wpforms-field wpforms-field-text\"\n\t\t\tdata-field-type=\"text\"\n\t\t\tdata-field-id=\"3\"\n\t\t\t>\n\t\t\t<label class=\"wpforms-field-label\" for=\"wpforms-3840-field_3\" >Adresse Epost navn<\/label>\n\t\t\t<input type=\"text\" id=\"wpforms-3840-field_3\" class=\"wpforms-field-medium\" name=\"wpforms[fields][3]\" >\n\t\t<\/div>\n\t\t<div id=\"wpforms-3840-field_1-container\" class=\"wpforms-field wpforms-field-name\" data-field-id=\"1\"><label class=\"wpforms-field-label\" for=\"wpforms-3840-field_1\">Fullt navn <span class=\"wpforms-required-label\">*<\/span><\/label><input type=\"text\" id=\"wpforms-3840-field_1\" class=\"wpforms-field-large wpforms-field-required\" name=\"wpforms[fields][1]\" required><\/div><div id=\"wpforms-3840-field_5-container\" class=\"wpforms-field wpforms-field-text\" data-field-id=\"5\"><label class=\"wpforms-field-label\" for=\"wpforms-3840-field_5\">Adresse <span class=\"wpforms-required-label\">*<\/span><\/label><input type=\"text\" id=\"wpforms-3840-field_5\" class=\"wpforms-field-large wpforms-field-required\" name=\"wpforms[fields][5]\" required><\/div><div id=\"wpforms-3840-field_2-container\" class=\"wpforms-field wpforms-field-email\" data-field-id=\"2\"><label class=\"wpforms-field-label\" for=\"wpforms-3840-field_2\">Epost <span class=\"wpforms-required-label\">*<\/span><\/label><input type=\"email\" id=\"wpforms-3840-field_2\" class=\"wpforms-field-large wpforms-field-required\" name=\"wpforms[fields][2]\" spellcheck=\"false\" required><\/div><div id=\"wpforms-3840-field_9-container\" class=\"wpforms-field wpforms-field-html\" data-field-id=\"9\"><div id=\"wpforms-3840-field_9\"><div class=\"consent-wrapper\">\r\n  <!-- Label with checkbox -->\r\n  <label style=\"display: flex; align-items: center; gap: 8px; margin-bottom: 10px;\">\r\n    <input type=\"checkbox\" class=\"custom-consent-checkbox\" checked\/>\r\n    <span>Jeg \u00f8nsker oppdateringer om saken<\/span>\r\n  <\/label>\r\n\r\n  <!-- Hidden field to pass value to WPForms -->\r\n  <input type=\"hidden\" name=\"consentHidden\" value=\"yes\"\/>\r\n<\/div>\r\n\r\n<script>\r\n  document.addEventListener(\"DOMContentLoaded\", function () {\r\n    document.querySelectorAll(\".consent-wrapper\").forEach(wrapper => {\r\n      const checkbox = wrapper.querySelector(\".custom-consent-checkbox\");\r\n      const hiddenField = wrapper.querySelector('input[type=\"hidden\"]');\r\n\r\n      function updateConsent() {\r\n        hiddenField.value = checkbox.checked ? \"yes\" : \"no\";\r\n      }\r\n\r\n      checkbox.addEventListener(\"change\", updateConsent);\r\n      updateConsent(); \/\/ Run once on load\r\n    });\r\n  });\r\n<\/script><\/div><\/div><div id=\"wpforms-3840-field_10-container\" class=\"wpforms-field wpforms-field-hidden consentHidden\" data-field-id=\"10\"><input type=\"hidden\" id=\"wpforms-3840-field_10\" name=\"wpforms[fields][10]\"><\/div><script>\n\t\t\t\t( function() {\n\t\t\t\t\tconst style = document.createElement( 'style' );\n\t\t\t\t\tstyle.appendChild( document.createTextNode( '#wpforms-3840-field_3-container { position: absolute !important; overflow: hidden !important; display: inline !important; height: 1px !important; width: 1px !important; z-index: -1000 !important; padding: 0 !important; } #wpforms-3840-field_3-container input { visibility: hidden; } #wpforms-conversational-form-page #wpforms-3840-field_3-container label { counter-increment: none; }' ) );\n\t\t\t\t\tdocument.head.appendChild( style );\n\t\t\t\t\tdocument.currentScript?.remove();\n\t\t\t\t} )();\n\t\t\t<\/script><\/div><!-- .wpforms-field-container --><div class=\"wpforms-submit-container\" ><input type=\"hidden\" name=\"wpforms[id]\" value=\"3840\"><input type=\"hidden\" name=\"page_title\" value=\"\"><input type=\"hidden\" name=\"page_url\" value=\"https:\/\/nmf.no\/en\/wp-json\/wp\/v2\/pages\/4050\"><input type=\"hidden\" name=\"url_referer\" value=\"\"><button type=\"submit\" name=\"wpforms[submit]\" id=\"wpforms-submit-3840\" class=\"wpforms-submit\" data-alt-text=\"Tusen takk\" data-submit-text=\"Signer kampanjen\" aria-live=\"assertive\" value=\"wpforms-submit\">Signer kampanjen<\/button><img loading=\"lazy\" decoding=\"async\" src=\"https:\/\/nmf.no\/wp-content\/plugins\/wpforms\/assets\/images\/submit-spin.svg\" class=\"wpforms-submit-spinner\" style=\"display: none;\" width=\"26\" height=\"26\" alt=\"Loading\"><\/div><\/form><\/div>  <!-- .wpforms-container -->\n        <div class=\"signature-footer-row\">\n        <\/div>\n    <\/div>\n<\/div>\n\t\t<\/div>\n\t<\/div>\n<\/div><\/div><\/div><\/div><div class=\"vc_row wpb_row vc_inner vc_row-fluid\"><div class=\"wpb_column vc_column_container vc_col-sm-12\"><div class=\"vc_column-inner\"><div class=\"wpb_wrapper\">\n\t<div class=\"wpb_text_column wpb_content_element \" >\n\t\t<div class=\"wpb_wrapper\">\n\t\t\t<p>Havet kan i stor grad reparere seg selv \u2013 men bare hvis vi gir det fred, lenge. Signer oppropet for ekte marint vern n\u00e5 \u2013 og krev at myndighetene tar ansvar.<\/p>\n<p>Del dette videre \u2013 havet har ingen stemme. Du har.<\/p>\n\n\t\t<\/div>\n\t<\/div>\n\n\t<div class=\"wpb_raw_code wpb_content_element wpb_raw_html\" >\n\t\t<div class=\"wpb_wrapper\">\n\t\t\t<div class=\"social-share-buttons\">\n    <a href=\"https:\/\/www.facebook.com\/sharer\/sharer.php?u=https:\/\/nmf.no\/tid-for-en-revisjon-av-allemannsretten-naturen-ma-komme-forst\/\" target=\"_blank\" class=\"share-btn facebook\">\n        Del p\u00e5 Facebook\n    <\/a>\n    <a href=\"https:\/\/www.instagram.com\" target=\"_blank\" class=\"share-btn instagram\" rel=\"noopener\">\n        Del p\u00e5 Instagram\n    <\/a>\n    <a href=\"https:\/\/twitter.com\/intent\/tweet?url=https:\/\/nmf.no\/tid-for-en-revisjon-av-allemannsretten-naturen-ma-komme-forst\/\" target=\"_blank\" class=\"share-btn twitter\">\n        Del p\u00e5 X\n    <\/a>\n<\/div>\n\n\t\t<\/div>\n\t<\/div>\n<\/div><\/div><\/div><\/div><div class=\"spacer\" style=\"--space-sm: 1px;--space-md: 1px;--space-lg: 1px;--space-xl: 1px;\"><\/div><\/div><\/div><\/div><div class=\"wpb_column vc_column_container vc_col-sm-2\"><div class=\"vc_column-inner\"><div class=\"wpb_wrapper\"><\/div><\/div><\/div><\/div>\n<\/div>","protected":false},"excerpt":{"rendered":"<p> [&#8230;]<\/p>\n<p><a class=\"btn btn-secondary vidiflex-read-more-link\" href=\"https:\/\/nmf.no\/en\/marintvaern\/\">Read More&#8230;<\/a><\/p>\n","protected":false},"author":2,"featured_media":0,"parent":0,"menu_order":0,"comment_status":"closed","ping_status":"closed","template":"","meta":{"footnotes":""},"class_list":["post-4050","page","type-page","status-publish","hentry"],"acf":[],"_links":{"self":[{"href":"https:\/\/nmf.no\/en\/wp-json\/wp\/v2\/pages\/4050","targetHints":{"allow":["GET"]}}],"collection":[{"href":"https:\/\/nmf.no\/en\/wp-json\/wp\/v2\/pages"}],"about":[{"href":"https:\/\/nmf.no\/en\/wp-json\/wp\/v2\/types\/page"}],"author":[{"embeddable":true,"href":"https:\/\/nmf.no\/en\/wp-json\/wp\/v2\/users\/2"}],"replies":[{"embeddable":true,"href":"https:\/\/nmf.no\/en\/wp-json\/wp\/v2\/comments?post=4050"}],"version-history":[{"count":33,"href":"https:\/\/nmf.no\/en\/wp-json\/wp\/v2\/pages\/4050\/revisions"}],"predecessor-version":[{"id":4171,"href":"https:\/\/nmf.no\/en\/wp-json\/wp\/v2\/pages\/4050\/revisions\/4171"}],"wp:attachment":[{"href":"https:\/\/nmf.no\/en\/wp-json\/wp\/v2\/media?parent=4050"}],"curies":[{"name":"wp","href":"https:\/\/api.w.org\/{rel}","templated":true}]}}