{"id":4455,"date":"2025-08-04T15:09:46","date_gmt":"2025-08-04T13:09:46","guid":{"rendered":"https:\/\/nmf.no\/?page_id=4455"},"modified":"2025-12-01T11:23:06","modified_gmt":"2025-12-01T10:23:06","slug":"vilkar-for-medlemskap","status":"publish","type":"page","link":"https:\/\/nmf.no\/en\/vilkar-for-medlemskap\/","title":{"rendered":"Vilk\u00e5r for medlemskap"},"content":{"rendered":"<div class=\"wpb-content-wrapper\"><div id=\"oppdatering-mars-2023\" class=\"vc_row wpb_row vc_row-fluid saker-row\"><div class=\"wpb_column vc_column_container vc_col-sm-2\"><div class=\"vc_column-inner\"><div class=\"wpb_wrapper\"><\/div><\/div><\/div><div class=\"wpb_column vc_column_container vc_col-sm-8\"><div class=\"vc_column-inner\"><div class=\"wpb_wrapper\">\n\t<div class=\"wpb_text_column wpb_content_element\" >\n\t\t<div class=\"wpb_wrapper\">\n\t\t\t<p>tiktok-developers-site-verification=OJZBePWoJ6ls1TZVWl13bMRu3djuiamC<\/p>\n\n\t\t<\/div>\n\t<\/div>\n<div class=\"spacer\" style=\"--space-sm: 0px;--space-md: 30px;--space-lg: 30px;--space-xl: 30px;\"><\/div><div class=\"spacer\" style=\"--space-sm: 5px;--space-md: 30px;--space-lg: 30px;--space-xl: 30px;\"><\/div><div class=\"spacer\" style=\"--space-sm: 15px;--space-md: 15px;--space-lg: 15px;--space-xl: 15px;\"><\/div><div class=\"header left\"><h2 class=\"font-size-xss\" title=\"Vilk\u00e5r for medlemskap i Norges Milj\u00f8vernforbund\" >Vilk\u00e5r for medlemskap i Norges Milj\u00f8vernforbund<\/h2><\/div>\n\t<div class=\"wpb_text_column wpb_content_element\" >\n\t\t<div class=\"wpb_wrapper\">\n\t\t\t<ol>\n<li>Hvem medlemskapet gjelder for.\n<ul>\n<li>Medlemskapet og tilh\u00f8rende fordeler er personlig.<\/li>\n<li>Personer under 15\u00e5r m\u00e5 ha foresattes godskjennelse.<\/li>\n<li>Navnendring skal skje skriftlig<\/li>\n<\/ul>\n<\/li>\n<li>Avtaleinng\u00e5else\n<ul>\n<li>Avtale om medlemskap kan inng\u00e5s via internett, telefon eller Epost.<\/li>\n<li>Nye medlemmer har 14dagers angrerett p\u00e5 kj\u00f8p av medlemskap.<\/li>\n<li>Nye medlemmer har ogs\u00e5 2\u00e5rs reklamasjonsrett skulle ikke vilk\u00e5r innfris.<\/li>\n<\/ul>\n<\/li>\n<li>Gyldighet, medlemskap og kontingent\n<ul>\n<li>Ved nyinnmelding er medlemskapet gyldig fra betalingsdato og gjelder kalender\u00e5ret innbetalingen skjer frem til neste kontingent innkreves.<\/li>\n<li>Medlemskapet er l\u00f8pende og fornyes hvert \u00e5r.<\/li>\n<li>Medlemskapet belastes i NOK og er fritatt mva.<\/li>\n<li>F\u00f8r kontingenten er betalt har man ikke tilgang p\u00e5 fordeler som er inkludert i medlemskapet<\/li>\n<li>Ved familiemedlemskap betales kontingent i en samlefaktura til hovedmedlemmet.<\/li>\n<li>Ved familiemedlemskap m\u00e5 personer bo p\u00e5 hovedmedlems adresse<\/li>\n<li>Ved familiemedlemskap m\u00e5 tileggsmedlemmer v\u00e6re under 25\u00e5r<\/li>\n<li>Ved st\u00f8ttemedlemskap gis ingen demokratiske rettigheter<\/li>\n<li>Ved oppgradering av medlemskapet innenfor kontingent\u00e5r betales mellomlegget ansl\u00e5tt etter hvor lang tid som gjenst\u00e5r av opprinnelig kontingent\u00e5r.<\/li>\n<\/ul>\n<\/li>\n<li>Medlemsfordeler\n<ul>\n<li>V\u00e5re medlemmer f\u00e5r 200,- kr i avslag ved f\u00f8rstegangshandel hos Milj\u00f8markedet i Bergen.<\/li>\n<li>Videre f\u00e5r vanlige medlemmer 10 % rabatt ved videre handel hos Milj\u00f8markedet i Bergen.<\/li>\n<li>For aktive medlemmer er denne rabatten 20 %<\/li>\n<li>N\u00e5r grupper oppholder seg p\u00e5 milj\u00f8hotellet p\u00e5 Seletun vil alle som er medlem i NMF f\u00e5 10 % rabatt p\u00e5 oppholdet.<\/li>\n<\/ul>\n<\/li>\n<li>Personvern &#8211; <a href=\"http:\/\/nmf.no\/en\/personvern\/\">Tykk her for info vedr\u00f8rende personvern<\/a><\/li>\n<li>Oppsigelse\n<ul>\n<li>Medlemskapet kan sies opp skriftlig eller muntlig, med umiddelbar virkning. Innbetalt medlemsavgift refunderes ikke ved oppsigelse. Unntak er ved d\u00f8dsfall.<\/li>\n<\/ul>\n<\/li>\n<li>Oppdatering av vilk\u00e5r\n<ul>\n<li>Vilk\u00e5rene kan endres n\u00e5r som helst av Norges Milj\u00f8vernforbund.<\/li>\n<\/ul>\n<\/li>\n<\/ol>\n\n\t\t<\/div>\n\t<\/div>\n<div class=\"spacer\" style=\"--space-sm: 1px;--space-md: 1px;--space-lg: 1px;--space-xl: 1px;\"><\/div><div class=\"vc_separator wpb_content_element vc_separator_align_center vc_sep_width_100 vc_sep_pos_align_center vc_separator_no_text\" ><span class=\"vc_sep_holder vc_sep_holder_l\"><span style=\"border-color:#36778b;\" class=\"vc_sep_line\"><\/span><\/span><span class=\"vc_sep_holder vc_sep_holder_r\"><span style=\"border-color:#36778b;\" class=\"vc_sep_line\"><\/span><\/span>\n<\/div><div class=\"spacer\" style=\"--space-sm: 30px;--space-md: 30px;--space-lg: 30px;--space-xl: 30px;\"><\/div>\n\t<div  class=\"wpb_single_image wpb_content_element vc_align_center\">\n\t\t\n\t\t<figure class=\"wpb_wrapper vc_figure\">\n\t\t\t<a href=\"https:\/\/nmf.profundo.no\/medlem\" target=\"_self\" class=\"vc_single_image-wrapper vc_box_rounded  vc_box_border_grey\" rel=\"noopener\"><img loading=\"lazy\" decoding=\"async\" width=\"958\" height=\"539\" src=\"https:\/\/nmf.no\/wp-content\/uploads\/2024\/11\/Hjelp-oss-a-ta-vare-pa-miljoet_plakat-958x539-1.webp\" class=\"vc_single_image-img attachment-full\" alt=\"\" title=\"Hjelp-oss-\u00e5-ta-vare-p\u00e5-milj\u00f8et_plakat-958x539 (1)\" srcset=\"https:\/\/nmf.no\/wp-content\/uploads\/2024\/11\/Hjelp-oss-a-ta-vare-pa-miljoet_plakat-958x539-1.webp 958w, https:\/\/nmf.no\/wp-content\/uploads\/2024\/11\/Hjelp-oss-a-ta-vare-pa-miljoet_plakat-958x539-1-300x169.webp 300w, https:\/\/nmf.no\/wp-content\/uploads\/2024\/11\/Hjelp-oss-a-ta-vare-pa-miljoet_plakat-958x539-1-768x432.webp 768w, https:\/\/nmf.no\/wp-content\/uploads\/2024\/11\/Hjelp-oss-a-ta-vare-pa-miljoet_plakat-958x539-1-320x180.webp 320w, https:\/\/nmf.no\/wp-content\/uploads\/2024\/11\/Hjelp-oss-a-ta-vare-pa-miljoet_plakat-958x539-1-420x236.webp 420w, https:\/\/nmf.no\/wp-content\/uploads\/2024\/11\/Hjelp-oss-a-ta-vare-pa-miljoet_plakat-958x539-1-576x324.webp 576w\" sizes=\"auto, (max-width: 958px) 100vw, 958px\"><\/a>\n\t\t<\/figure>\n\t<\/div>\n<\/div><\/div><\/div><div class=\"wpb_column vc_column_container vc_col-sm-2\"><div class=\"vc_column-inner\"><div class=\"wpb_wrapper\"><\/div><\/div><\/div><\/div>\n<\/div>","protected":false},"excerpt":{"rendered":"<p> [&#8230;]<\/p>\n<p><a class=\"btn btn-secondary vidiflex-read-more-link\" href=\"https:\/\/nmf.no\/en\/vilkar-for-medlemskap\/\">Read More&#8230;<\/a><\/p>\n","protected":false},"author":2,"featured_media":0,"parent":0,"menu_order":0,"comment_status":"closed","ping_status":"closed","template":"","meta":{"footnotes":""},"class_list":["post-4455","page","type-page","status-publish","hentry"],"acf":[],"_links":{"self":[{"href":"https:\/\/nmf.no\/en\/wp-json\/wp\/v2\/pages\/4455","targetHints":{"allow":["GET"]}}],"collection":[{"href":"https:\/\/nmf.no\/en\/wp-json\/wp\/v2\/pages"}],"about":[{"href":"https:\/\/nmf.no\/en\/wp-json\/wp\/v2\/types\/page"}],"author":[{"embeddable":true,"href":"https:\/\/nmf.no\/en\/wp-json\/wp\/v2\/users\/2"}],"replies":[{"embeddable":true,"href":"https:\/\/nmf.no\/en\/wp-json\/wp\/v2\/comments?post=4455"}],"version-history":[{"count":8,"href":"https:\/\/nmf.no\/en\/wp-json\/wp\/v2\/pages\/4455\/revisions"}],"predecessor-version":[{"id":5976,"href":"https:\/\/nmf.no\/en\/wp-json\/wp\/v2\/pages\/4455\/revisions\/5976"}],"wp:attachment":[{"href":"https:\/\/nmf.no\/en\/wp-json\/wp\/v2\/media?parent=4455"}],"curies":[{"name":"wp","href":"https:\/\/api.w.org\/{rel}","templated":true}]}}