{"id":5228,"date":"2025-10-22T10:50:19","date_gmt":"2025-10-22T08:50:19","guid":{"rendered":"https:\/\/nmf.no\/?page_id=5228"},"modified":"2025-10-22T10:50:19","modified_gmt":"2025-10-22T08:50:19","slug":"vidar-underskriftskampanje","status":"publish","type":"page","link":"https:\/\/nmf.no\/en\/vidar-underskriftskampanje\/","title":{"rendered":"VIDAR underksriftskampanje"},"content":{"rendered":"<div class=\"wpb-content-wrapper\"><div id=\"oppdatering-mars-2023\" class=\"vc_row wpb_row vc_row-fluid saker-row\"><div class=\"wpb_column vc_column_container vc_col-sm-2\"><div class=\"vc_column-inner\"><div class=\"wpb_wrapper\"><\/div><\/div><\/div><div class=\"wpb_column vc_column_container vc_col-sm-8\"><div class=\"vc_column-inner\"><div class=\"wpb_wrapper\"><div class=\"spacer\" style=\"--space-sm: 0px;--space-md: 30px;--space-lg: 30px;--space-xl: 30px;\"><\/div><div class=\"spacer\" style=\"--space-sm: 5px;--space-md: 30px;--space-lg: 30px;--space-xl: 30px;\"><\/div><div class=\"spacer\" style=\"--space-sm: 15px;--space-md: 15px;--space-lg: 15px;--space-xl: 15px;\"><\/div><div class=\"header left   \"><h2 class=\"font-size-xss\" title=\"STOPP VIDAR utbyggingen, og de gigantiske havvindprosjektene i Skagerrak \u2013 v\u00e5r kyst, v\u00e5rt hav, v\u00e5r fremtid st\u00e5r p\u00e5 spill!\" >STOPP VIDAR utbyggingen, og de gigantiske havvindprosjektene i Skagerrak \u2013 v\u00e5r kyst, v\u00e5rt hav, v\u00e5r fremtid st\u00e5r p\u00e5 spill!<\/h2><\/div>\n\t<div class=\"wpb_text_column wpb_content_element \" >\n\t\t<div class=\"wpb_wrapper\">\n\t\t\t<h5 class=\"x_elementToProof\" data-olk-copy-source=\"MessageBody\"><strong>Kj\u00e6re\u202fpolitikere, myndigheter og beslutningstakere,<\/strong><\/h5>\n<div data-olk-copy-source=\"MessageBody\"><\/div>\n<div class=\"x_elementToProof\">Vi krever \u00f8yeblikkelig handling mot det planlagte havvindanlegget \u00abVidar\u00bb og alle lignende prosjekter\u00a0<b>rett utenfor v\u00e5r kyst<\/b>, i det s\u00e5rbare havomr\u00e5det Skagerrak og utenfor Oslofjorden. Dette er ikke lenger et sp\u00f8rsm\u00e5l om \u201cgr\u00f8nn\u201d utvikling \u2014 det er et sp\u00f8rsm\u00e5l industri mot \u00a0ansvar, milj\u00f8vern og fremtidig milj\u00f8arv.<\/div>\n\n\t\t<\/div>\n\t<\/div>\n<div class=\"spacer\" style=\"--space-sm: 5px;--space-md: 20px;--space-lg: 20px;--space-xl: 20px;\"><\/div>\n\t\t\t<figure class=\"standard-image no-caption saker-img none\">\n\t\t\t\t<img loading=\"lazy\" decoding=\"async\" width=\"1920\" height=\"1080\" src=\"https:\/\/nmf.no\/wp-content\/uploads\/2025\/09\/VIDAR-ved-Verdens-Ende.jpg\" class=\"attachment- size-\" alt=\"\" srcset=\"https:\/\/nmf.no\/wp-content\/uploads\/2025\/09\/VIDAR-ved-Verdens-Ende.jpg 1920w, https:\/\/nmf.no\/wp-content\/uploads\/2025\/09\/VIDAR-ved-Verdens-Ende-300x169.jpg 300w, https:\/\/nmf.no\/wp-content\/uploads\/2025\/09\/VIDAR-ved-Verdens-Ende-1024x576.jpg 1024w, https:\/\/nmf.no\/wp-content\/uploads\/2025\/09\/VIDAR-ved-Verdens-Ende-768x432.jpg 768w, https:\/\/nmf.no\/wp-content\/uploads\/2025\/09\/VIDAR-ved-Verdens-Ende-1536x864.jpg 1536w, https:\/\/nmf.no\/wp-content\/uploads\/2025\/09\/VIDAR-ved-Verdens-Ende-18x10.jpg 18w, https:\/\/nmf.no\/wp-content\/uploads\/2025\/09\/VIDAR-ved-Verdens-Ende-320x180.jpg 320w, https:\/\/nmf.no\/wp-content\/uploads\/2025\/09\/VIDAR-ved-Verdens-Ende-420x236.jpg 420w, https:\/\/nmf.no\/wp-content\/uploads\/2025\/09\/VIDAR-ved-Verdens-Ende-576x324.jpg 576w, https:\/\/nmf.no\/wp-content\/uploads\/2025\/09\/VIDAR-ved-Verdens-Ende-992x558.jpg 992w, https:\/\/nmf.no\/wp-content\/uploads\/2025\/09\/VIDAR-ved-Verdens-Ende-1200x675.jpg 1200w\" sizes=\"auto, (max-width: 1920px) 100vw, 1920px\">\n\t\t\t\t\n\t\t\t<\/figure><div class=\"spacer\" style=\"--space-sm: 5px;--space-md: 20px;--space-lg: 20px;--space-xl: 20px;\"><\/div>\n\t<div class=\"wpb_text_column wpb_content_element \" >\n\t\t<div class=\"wpb_wrapper\">\n\t\t\t<h4 class=\"x_elementToProof\"><b data-olk-copy-source=\"MessageBody\">Hva er p\u00e5 gang?<\/b><\/h4>\n<ul data-end=\"1459\" data-start=\"766\">\n<li class=\"x_elementToProof\">\n<div role=\"presentation\">Selskapet Zephyr AB (via norsk eide Zephyr AS) planlegger\u00a0<b>91 turbiner p\u00e5 opptil 370 meter h\u00f8yde<\/b>\u00a0i \u00abVidar\u00bb-omr\u00e5det \u2013 med utsikt rett mot norsk kystlinje fra \u00d8stfold til Telemark. Med r\u00f8de blinkende lys vil de v\u00e6re synlige \u00abover hele\u00bb \u00f8stlandet.<\/div>\n<\/li>\n<li class=\"x_elementToProof\">\n<div role=\"presentation\">I tillegg er det s\u00f8kt om\u00a0<b>yterligere 56 turbiner<\/b>, og flere prosjekter som \u00abGamma\u00bb, \u00abMareld\u00bb og \u00abPoseidon Nord\u00bb lurer like rundt hj\u00f8rnet \u2014 tilsammen kan opptil 500 turbiner\u00a0av denne st\u00f8rrelsen bli plassert i omr\u00e5det.<\/div>\n<\/li>\n<li class=\"x_elementToProof\">\n<div role=\"presentation\">Omr\u00e5det er klassifisert som \u00ab<b>s\u00e6rlig verdifullt og s\u00e5rbart<\/b>\u00bb for norsk havmilj\u00f8 \u2013 likevel \u00f8nsker man \u00e5 industrialisere det med gigantiske konstruksjoner.<\/div>\n<\/li>\n<\/ul>\n<h4 class=\"x_elementToProof\"><b data-olk-copy-source=\"MessageBody\">Hvorfor m\u00e5 dette stoppes?<\/b><\/h4>\n<ul data-end=\"2367\" data-start=\"1497\">\n<li class=\"x_elementToProof\">\n<div role=\"presentation\">Havomr\u00e5dene utenfor v\u00e5r kyst er ikke \u201cledig\u201d industriomr\u00e5de \u2013 de er hjem for livsviktige \u00f8kosystemer, matproduksjon, trekk for fugl og flaggermus, og inng\u00e5r i v\u00e5re internasjonale milj\u00f8forpliktelser.<\/div>\n<\/li>\n<li class=\"x_elementToProof\">\n<div role=\"presentation\">Disse gigantiske vindturbinene \u2013 opptil 370 meter h\u00f8ye \u2013 er langt h\u00f8yere enn de som hittil er bygd, og de representerer en fullstendig ny dimensjon av p\u00e5virkning.<\/div>\n<\/li>\n<li class=\"x_elementToProof\">\n<div role=\"presentation\">Konsekvensutredningen for Vidar tar ikke med de\u00a0<b>samlede effektene<\/b>\u00a0if\u00f8lge Espoo\u2011konvensjonen: hva skjer n\u00e5r flere prosjekter i samme omr\u00e5de realiseres?<\/div>\n<\/li>\n<li class=\"x_elementToProof\">\n<div role=\"presentation\">N\u00e5r slike prosjekter f\u00f8rst er bygget \u2013 og i drift \u2013 er skadene ofte irreversible: naturtap, \u00f8kologiske endringer, visuell forurensning, underminerte livsgrunnlag for alt liv i havet og endringen kan v\u00e6re permanent og skade havomr\u00e5dene v\u00e5re dramatisk.<\/div>\n<\/li>\n<\/ul>\n\n\t\t<\/div>\n\t<\/div>\n\n\t<div class=\"wpb_text_column wpb_content_element \" >\n\t\t<div class=\"wpb_wrapper\">\n\t\t\t<h4 class=\"x_elementToProof\"><b>Signer her for \u00e5 vise at du sier NEI til gigantisk havvind i Skagerrak<\/b><\/h4>\n\n\t\t<\/div>\n\t<\/div>\n<div class=\"vc_row wpb_row vc_inner vc_row-fluid\"><div class=\"wpb_column vc_column_container vc_col-sm-6\"><div class=\"vc_column-inner\"><div class=\"wpb_wrapper\"><div class=\"spacer\" style=\"--space-sm: 8px;--space-md: 8px;--space-lg: 8px;--space-xl: 8px;\"><\/div>\n\t<div class=\"wpb_text_column wpb_content_element \" >\n\t\t<div class=\"wpb_wrapper\">\n\t\t\t<h4 class=\"x_elementToProof\"><b>Til styrende myndigheter:<\/b><\/h4>\n<h5 class=\"x_elementToProof\"><strong>Vi krever at dere:<\/strong><\/h5>\n<ul>\n<li role=\"presentation\"><b>Gj\u00f8r alt dere kan for \u00e5 f\u00e5 avvist<\/b>\u00a0konsesjonene for Vidar og liknende prosjekter \u2013\u00a0<b>f\u00f8r<\/b>\u00a0det er for sent.<\/li>\n<li role=\"presentation\"><b>Sikrer<\/b>\u00a0at Norge aktivt benytter sin klagerett og innsigelsesrett gjennom Espoo\u2011konvensjonen, i samarbeid med Sverige, slik loven tilsier.<\/li>\n<li role=\"presentation\"><b>Styrker<\/b>\u00a0beskyttelsen av kyst- og havomr\u00e5der som er definert som s\u00e5rbare og verdifulle \u2013 ikke gj\u00f8r dem om til industriomr\u00e5der.<\/li>\n<li role=\"presentation\"><b>Prioriterer<\/b>\u00a0natur, livsgrunnlag og lokale samfunn over kortsiktig profitt og utbyggingsiver.<\/li>\n<\/ul>\n\n\t\t<\/div>\n\t<\/div>\n\n\t<div class=\"wpb_text_column wpb_content_element \" >\n\t\t<div class=\"wpb_wrapper\">\n\t\t\t<div class=\"x_elementToProof\">\n<p>La oss samle s\u00e5 mange underskrifter at dere som styrer ikke kan ignorere oss.<br \/>\nKysten v\u00e5r, havet v\u00e5rt og naturen v\u00e5r \u2013 la oss st\u00e5 opp for dem, f\u00f8r det er for sent.<\/p>\n<\/div>\n<div class=\"x_elementToProof\">Les mer om vindindustri b\u00e5de til land og til havs p\u00e5 nmf.no<\/div>\n\n\t\t<\/div>\n\t<\/div>\n<\/div><\/div><\/div><div class=\"marintvaernpage-form wpb_column vc_column_container vc_col-sm-6\"><div class=\"vc_column-inner\"><div class=\"wpb_wrapper\"><div class=\"spacer\" style=\"--space-sm: 8px;--space-md: 8px;--space-lg: 8px;--space-xl: 8px;\"><\/div>\n\t<div class=\"wpb_raw_code wpb_content_element wpb_raw_html\" >\n\t\t<div class=\"wpb_wrapper\">\n\t\t\t<div class=\"signature-box-landscape\">\n  <div class=\"signature-counter-header\">\n    <h2>St\u00f8tt oppropet<\/h2>\n  <\/div>\n\n  <div id=\"signature-form-g1\" class=\"signature-form-blue\">\n    <div class=\"wpforms-container signature-form-g1\" id=\"wpforms-5249\"><form id=\"wpforms-form-5249\" class=\"wpforms-validate wpforms-form wpforms-ajax-form\" data-formid=\"5249\" method=\"post\" enctype=\"multipart\/form-data\" action=\"\/en\/wp-json\/wp\/v2\/pages\/5228\" data-token=\"75207a111fab1e2dba7c9a8f7fae28c3\" data-token-time=\"1776398222\"><noscript class=\"wpforms-error-noscript\">Please enable JavaScript in your browser to complete this form.<\/noscript><div class=\"wpforms-field-container\"><div id=\"wpforms-5249-field_1-container\" class=\"wpforms-field wpforms-field-name\" data-field-id=\"1\"><label class=\"wpforms-field-label\" for=\"wpforms-5249-field_1\">Fullt navn <span class=\"wpforms-required-label\">*<\/span><\/label><input type=\"text\" id=\"wpforms-5249-field_1\" class=\"wpforms-field-large wpforms-field-required\" name=\"wpforms[fields][1]\" required><\/div>\t\t<div id=\"wpforms-5249-field_3-container\"\n\t\t\tclass=\"wpforms-field wpforms-field-text\"\n\t\t\tdata-field-type=\"text\"\n\t\t\tdata-field-id=\"3\"\n\t\t\t>\n\t\t\t<label class=\"wpforms-field-label\" for=\"wpforms-5249-field_3\" >navn Consent Fullt<\/label>\n\t\t\t<input type=\"text\" id=\"wpforms-5249-field_3\" class=\"wpforms-field-medium\" name=\"wpforms[fields][3]\" >\n\t\t<\/div>\n\t\t<div id=\"wpforms-5249-field_5-container\" class=\"wpforms-field wpforms-field-text\" data-field-id=\"5\"><label class=\"wpforms-field-label\" for=\"wpforms-5249-field_5\">Adresse <span class=\"wpforms-required-label\">*<\/span><\/label><input type=\"text\" id=\"wpforms-5249-field_5\" class=\"wpforms-field-large wpforms-field-required\" name=\"wpforms[fields][5]\" required><\/div><div id=\"wpforms-5249-field_2-container\" class=\"wpforms-field wpforms-field-email\" data-field-id=\"2\"><label class=\"wpforms-field-label\" for=\"wpforms-5249-field_2\">Epost <span class=\"wpforms-required-label\">*<\/span><\/label><input type=\"email\" id=\"wpforms-5249-field_2\" class=\"wpforms-field-large wpforms-field-required\" name=\"wpforms[fields][2]\" spellcheck=\"false\" required><\/div><div id=\"wpforms-5249-field_9-container\" class=\"wpforms-field wpforms-field-html\" data-field-id=\"9\"><div id=\"wpforms-5249-field_9\"><div class=\"consent-wrapper\">\r\n  <!-- Label with checkbox -->\r\n  <label style=\"display: flex; align-items: center; gap: 8px; margin-bottom: 10px;\">\r\n    <input type=\"checkbox\" class=\"custom-consent-checkbox\" checked\/>\r\n    <span>Jeg \u00f8nsker oppdateringer om saken<\/span>\r\n  <\/label>\r\n\r\n  <!-- Hidden field to pass value to WPForms -->\r\n  <input type=\"hidden\" name=\"consentHidden\" value=\"yes\"\/>\r\n<\/div>\r\n\r\n<script>\r\n  document.addEventListener(\"DOMContentLoaded\", function () {\r\n    document.querySelectorAll(\".consent-wrapper\").forEach(wrapper => {\r\n      const checkbox = wrapper.querySelector(\".custom-consent-checkbox\");\r\n      const hiddenField = wrapper.querySelector('input[type=\"hidden\"]');\r\n\r\n      function updateConsent() {\r\n        hiddenField.value = checkbox.checked ? \"yes\" : \"no\";\r\n      }\r\n\r\n      checkbox.addEventListener(\"change\", updateConsent);\r\n      updateConsent(); \/\/ Run once on load\r\n    });\r\n  });\r\n<\/script><\/div><\/div><div id=\"wpforms-5249-field_10-container\" class=\"wpforms-field wpforms-field-hidden consentHidden\" data-field-id=\"10\"><input type=\"hidden\" id=\"wpforms-5249-field_10\" name=\"wpforms[fields][10]\"><\/div><script>\n\t\t\t\t( function() {\n\t\t\t\t\tconst style = document.createElement( 'style' );\n\t\t\t\t\tstyle.appendChild( document.createTextNode( '#wpforms-5249-field_3-container { position: absolute !important; overflow: hidden !important; display: inline !important; height: 1px !important; width: 1px !important; z-index: -1000 !important; padding: 0 !important; } #wpforms-5249-field_3-container input { visibility: hidden; } #wpforms-conversational-form-page #wpforms-5249-field_3-container label { counter-increment: none; }' ) );\n\t\t\t\t\tdocument.head.appendChild( style );\n\t\t\t\t\tdocument.currentScript?.remove();\n\t\t\t\t} )();\n\t\t\t<\/script><\/div><!-- .wpforms-field-container --><div class=\"wpforms-submit-container\" ><input type=\"hidden\" name=\"wpforms[id]\" value=\"5249\"><input type=\"hidden\" name=\"page_title\" value=\"\"><input type=\"hidden\" name=\"page_url\" value=\"https:\/\/nmf.no\/en\/wp-json\/wp\/v2\/pages\/5228\"><input type=\"hidden\" name=\"url_referer\" value=\"\"><button type=\"submit\" name=\"wpforms[submit]\" id=\"wpforms-submit-5249\" class=\"wpforms-submit\" data-alt-text=\"Tusen takk\" data-submit-text=\"Signer kampanjen\" aria-live=\"assertive\" value=\"wpforms-submit\">Signer kampanjen<\/button><img loading=\"lazy\" decoding=\"async\" src=\"https:\/\/nmf.no\/wp-content\/plugins\/wpforms\/assets\/images\/submit-spin.svg\" class=\"wpforms-submit-spinner\" style=\"display: none;\" width=\"26\" height=\"26\" alt=\"Loading\"><\/div><\/form><\/div>  <!-- .wpforms-container -->\n\n    <div class=\"signature-footer-row\">\n      <p id=\"signature-count\">Laster antall signaturer...<\/p>\n    <\/div>\n  <\/div>\n<\/div>\n\n<script>\n  \/\/ Fetch signature count from Google Apps Script\n  fetch(\"https:\/\/script.google.com\/macros\/s\/AKfycbzGgbXPmCTM645r65W9NRQ29ALNp75LwloFxvyvsbSybtl7qOfNNQGC4gmXSN7nuxXl\/exec\")\n    .then(response => response.json())\n    .then(data => {\n      const countEl = document.getElementById(\"signature-count\");\n      if (data.count !== undefined) {\n        countEl.textContent = data.count + \" personer har signert s\u00e5 langt.\";\n      } else {\n        countEl.textContent = \"Kunne ikke hente antall signaturer.\";\n      }\n    })\n    .catch(error => {\n      document.getElementById(\"signature-count\").textContent =\n        \"Kunne ikke hente antall signaturer.\";\n      console.error(\"Error fetching signature count:\", error);\n    });\n<\/script>\n\n<style>\n  \/* Keep spacing tight and centered for the counter *\/\n  .signature-footer-row {\n    text-align: center;\n    margin-top: 8px; \/* pulls it closer to the button *\/\n  }\n\n  #signature-count {\n    font-size: 0.95em;\n    color: #333;\n    margin: 4px 0 0; \/* minimal top margin to keep close but readable *\/\n  }\n<\/style>\n\n\t\t<\/div>\n\t<\/div>\n<\/div><\/div><\/div><\/div><div class=\"vc_row wpb_row vc_inner vc_row-fluid\"><div class=\"wpb_column vc_column_container vc_col-sm-12\"><div class=\"vc_column-inner\"><div class=\"wpb_wrapper\">\n\t<div class=\"wpb_text_column wpb_content_element \" >\n\t\t<div class=\"wpb_wrapper\">\n\t\t\t<h4 class=\"x_elementToProof\"><b>Vi m\u00e5 st\u00e5 sammen \u2013 dette handler om mer enn str\u00f8m:<\/b><\/h4>\n<ul data-end=\"3265\" data-start=\"3000\">\n<li class=\"x_elementToProof\">\n<div role=\"presentation\">Om v\u00e5r kystlinje, v\u00e5rt landskap og v\u00e5r naturopplevelse.<\/div>\n<\/li>\n<li class=\"x_elementToProof\">\n<div role=\"presentation\">Om framtiden til generasjonene som skal vokse opp med det arvet vi n\u00e5 forvalter.<\/div>\n<\/li>\n<li class=\"x_elementToProof\">\n<div role=\"presentation\">Om at \u201cgr\u00f8nn omstilling\u201d ikke kan f\u00e5 v\u00e6re et unntak fra milj\u00f8hensyn \u2014 den\u00a0<b>m\u00e5<\/b>\u00a0v\u00e6re b\u00e6rekraftig i ord og handling.<\/div>\n<\/li>\n<\/ul>\n<div class=\"x_elementToProof\" data-olk-copy-source=\"MessageBody\">Takk for at du signerer og deler \u2013 sammen kan vi stoppe dette!<\/div>\n\n\t\t<\/div>\n\t<\/div>\n\n\t<div class=\"wpb_raw_code wpb_content_element wpb_raw_html\" >\n\t\t<div class=\"wpb_wrapper\">\n\t\t\t<div class=\"social-share-buttons\">\n    <a href=\"https:\/\/www.facebook.com\/sharer\/sharer.php?u=https:\/\/nmf.no\/vidar-underskriftskampanje\/\" target=\"_blank\" class=\"share-btn facebook\">\n        Del p\u00e5 Facebook\n    <\/a>\n    <\/a>\n    <a href=\"https:\/\/twitter.com\/intent\/tweet?url=https:\/\/nmf.no\/vidar-underskriftskampanje\/\" target=\"_blank\" class=\"share-btn twitter\">\n        Del p\u00e5 X\n    <\/a>\n<\/div>\n\n\t\t<\/div>\n\t<\/div>\n<\/div><\/div><\/div><\/div><div class=\"spacer\" style=\"--space-sm: 1px;--space-md: 1px;--space-lg: 1px;--space-xl: 1px;\"><\/div><\/div><\/div><\/div><div class=\"wpb_column vc_column_container vc_col-sm-2\"><div class=\"vc_column-inner\"><div class=\"wpb_wrapper\"><\/div><\/div><\/div><\/div>\n<\/div>","protected":false},"excerpt":{"rendered":"<p> [&#8230;]<\/p>\n<p><a class=\"btn btn-secondary vidiflex-read-more-link\" href=\"https:\/\/nmf.no\/en\/vidar-underskriftskampanje\/\">Read More&#8230;<\/a><\/p>\n","protected":false},"author":2,"featured_media":0,"parent":0,"menu_order":0,"comment_status":"closed","ping_status":"closed","template":"","meta":{"footnotes":""},"class_list":["post-5228","page","type-page","status-publish","hentry"],"acf":[],"_links":{"self":[{"href":"https:\/\/nmf.no\/en\/wp-json\/wp\/v2\/pages\/5228","targetHints":{"allow":["GET"]}}],"collection":[{"href":"https:\/\/nmf.no\/en\/wp-json\/wp\/v2\/pages"}],"about":[{"href":"https:\/\/nmf.no\/en\/wp-json\/wp\/v2\/types\/page"}],"author":[{"embeddable":true,"href":"https:\/\/nmf.no\/en\/wp-json\/wp\/v2\/users\/2"}],"replies":[{"embeddable":true,"href":"https:\/\/nmf.no\/en\/wp-json\/wp\/v2\/comments?post=5228"}],"version-history":[{"count":29,"href":"https:\/\/nmf.no\/en\/wp-json\/wp\/v2\/pages\/5228\/revisions"}],"predecessor-version":[{"id":5261,"href":"https:\/\/nmf.no\/en\/wp-json\/wp\/v2\/pages\/5228\/revisions\/5261"}],"wp:attachment":[{"href":"https:\/\/nmf.no\/en\/wp-json\/wp\/v2\/media?parent=5228"}],"curies":[{"name":"wp","href":"https:\/\/api.w.org\/{rel}","templated":true}]}}