{"id":5885,"date":"2025-11-19T10:43:49","date_gmt":"2025-11-19T09:43:49","guid":{"rendered":"https:\/\/nmf.no\/?page_id=5885"},"modified":"2025-11-21T13:37:33","modified_gmt":"2025-11-21T12:37:33","slug":"miljokampanjer","status":"publish","type":"page","link":"https:\/\/nmf.no\/en\/miljokampanjer\/","title":{"rendered":"Milj\u00f8kampanjer"},"content":{"rendered":"<div class=\"wpb-content-wrapper\"><div class=\"vc_row wpb_row vc_row-fluid\"><div class=\"wpb_column vc_column_container vc_col-sm-12\"><div class=\"vc_column-inner\"><div class=\"wpb_wrapper\"><div class=\"spacer\" style=\"--space-sm: 80px;--space-md: 80px;--space-lg: 80px;--space-xl: 80px;\"><\/div>\n\t<div class=\"wpb_raw_code wpb_content_element wpb_raw_html\" >\n\t\t<div class=\"wpb_wrapper\">\n\t\t\t<section class=\"omnmf-campaigns-modern\">\n  <div class=\"omnmf-locations-inner\">\n\n     <!-- Grid with other campaigns -->\n    <div class=\"campaign-grid\">\n\n      <div class=\"loc-modern-card\">\n        <img decoding=\"async\" src=\"https:\/\/nmf.no\/wp-content\/uploads\/2024\/06\/Copy-of-DJI_0255.00_05_41_26.Still047-min-scaled.jpg\" alt=\"Marin fors\u00f8pling\" loading=\"lazy\">\n        <div class=\"loc-content\">\n          <h3>Marin fors\u00f8pling<\/h3>\n          <p>Plast og avfall i havet skaper store belastninger for \u00f8kosystemene v\u00e5re og truer b\u00e5de dyreliv og kystmilj\u00f8. Gjennom aksjoner over hele landet jobber vi for \u00e5 redusere forurensningen og \u00f8ke bevissthet.<\/p>\n          <a href=\"https:\/\/www.milj\u00f8vernforbundet.no\/plast\" class=\"loc-btn se-mer\" target=\"_blank\" rel=\"noopener\">Se mer<\/a>\n        <\/div>\n      <\/div>\n\n      <div class=\"loc-modern-card\">\n        <img decoding=\"async\" src=\"https:\/\/nmf.no\/wp-content\/uploads\/2024\/06\/7e949c_0ac9fb823d9f40ac918b5dc286f94c31mv2-e1718708530665.jpg\" alt=\"Oppdrett\" loading=\"lazy\">\n        <div class=\"loc-content\">\n          <h3>FIsh farming<\/h3>\n          <p>\u00c5pne oppdrettsanlegg skaper store p\u00e5kjenninger for alt annet liv i fjorden, og er ikke en b\u00e6rekraftig fremtidsl\u00f8sning. Vi \u00f8nsker \u00e5 opplyse forbrukerne tydelig om konsekvensene ved dagens oppdrett i \u00e5pne anlegg.<\/p>\n          <a href=\"https:\/\/www.milj\u00f8vernforbundet.no\/oppdrett\" class=\"loc-btn se-mer\" target=\"_blank\" rel=\"noopener\">Se mer<\/a>\n        <\/div>\n      <\/div>\n\n      <div class=\"loc-modern-card\">\n        <img decoding=\"async\" src=\"https:\/\/nmf.no\/wp-content\/uploads\/2024\/06\/7e949c_15dae2ffec09411ebd1b8008086b257bmv2.jpg\" alt=\"U-864\" loading=\"lazy\">\n        <div class=\"loc-content\">\n          <h3>U-864<\/h3>\n          <p>Ub\u00e5tvraket U-864 utenfor Fedje utgj\u00f8r en alvorlig milj\u00f8trussel for havomr\u00e5det. Vi arbeider for en trygg l\u00f8sning som hindrer spredning av tungmetaller og sikrer b\u00e5de natur og lokalsamfunn mot langvarige konsekvenser.<\/p>\n          <a href=\"https:\/\/www.milj\u00f8vernforbundet.no\/u864\" class=\"loc-btn se-mer\" target=\"_blank\" rel=\"noopener\">Se mer<\/a>\n        <\/div>\n      <\/div>\n\n      <div class=\"loc-modern-card\">\n        <img decoding=\"async\" src=\"https:\/\/nmf.no\/wp-content\/uploads\/2024\/06\/jonas-unnarsson-tdT6Cyn6brk-unsplash.jpg\" alt=\"Geotermisk energi\" loading=\"lazy\">\n        <div class=\"loc-content\">\n          <h3>Geothermal Energy<\/h3>\n          <p>Geotermisk energi er en stabil og utslippsfri ressurs som kan bli viktig i fremtidens energisystem. Vi vil \u00f8ke kunnskapen om teknologien og vise hvordan den kan styrke energiforsyningen og redusere klimagassutslipp.<\/p>\n          <a href=\"https:\/\/www.milj\u00f8vernforbundet.no\/geotermisk\" class=\"loc-btn se-mer\" target=\"_blank\" rel=\"noopener\">Se mer<\/a>\n        <\/div>\n      <\/div>\n\n      <div class=\"loc-modern-card\">\n        <img decoding=\"async\" src=\"https:\/\/nmf.no\/wp-content\/uploads\/2024\/06\/karsten-wurth-lsJ9jHKIqHg-unsplash.jpg\" alt=\"Vindkraft\" loading=\"lazy\">\n        <div class=\"loc-content\">\n          <h3>Windpower<\/h3>\n          <p>Vindkraftutbygging skader verdifulle naturomr\u00e5der og f\u00f8rer til alvorlige inngrep for b\u00e5de dyreliv og lokalsamfunn. Vi arbeider for \u00e5 stanse nye prosjekter, synliggj\u00f8re konsekvensene og beskytte norsk natur.<\/p>\n          <a href=\"https:\/\/www.milj\u00f8vernforbundet.no\/vindkraft\" class=\"loc-btn se-mer\" target=\"_blank\" rel=\"noopener\">Se mer<\/a>\n        <\/div>\n      <\/div>\n\n      <div class=\"loc-modern-card\">\n        <img decoding=\"async\" src=\"https:\/\/nmf.no\/wp-content\/uploads\/2024\/06\/7e949c_d337d5bdb5fc47f48754073b31c01518mv2.webp\" alt=\"Villrein\" loading=\"lazy\">\n        <div class=\"loc-content\">\n          <h3>Wild Reindeer<\/h3>\n          <p>Gjennom en \u00e5rrekke har vi hatt villreinen som en av v\u00e5re mest prioriterte saksomr\u00e5der. Som en viktig ansvarsart har Norge en sterk internasjonal forpliktelse til \u00e5 ivareta dens leveomr\u00e5der og livsgrunnlag.<\/p>\n          <a href=\"https:\/\/www.milj\u00f8vernforbundet.no\/villrein\" class=\"loc-btn se-mer\" target=\"_blank\" rel=\"noopener\">Se mer<\/a>\n        <\/div>\n      <\/div>\n\n      <div class=\"loc-modern-card\">\n        <img decoding=\"async\" src=\"https:\/\/nmf.no\/wp-content\/uploads\/2024\/06\/Ruben-dekk-badass.jpg\" alt=\"Milj\u00f8kriminalitet\" loading=\"lazy\">\n        <div class=\"loc-content\">\n          <h3>Enivronmental crime<\/h3>\n          <p>Ulovlige inngrep, forurensning og brudd p\u00e5 milj\u00f8lovverket skaper store skader som ofte g\u00e5r under radaren. Vi jobber aktivt for strengere oppf\u00f8lging, mer \u00e5penhet og for \u00e5 avdekke og stoppe milj\u00f8kriminalitet.<\/p>\n          <a href=\"https:\/\/www.milj\u00f8vernforbundet.no\/milj%C3%B8kriminalitet\" class=\"loc-btn se-mer\" target=\"_blank\" rel=\"noopener\">Se mer<\/a>\n        <\/div>\n      <\/div>\n\n      <div class=\"loc-modern-card\">\n        <img decoding=\"async\" src=\"https:\/\/nmf.no\/wp-content\/uploads\/2024\/06\/IMG_2179-min-1-scaled.jpg\" alt=\"Overforbruk\" loading=\"lazy\">\n        <div class=\"loc-content\">\n          <h3>Consumption<\/h3>\n          <p>Dagens forbruksm\u00f8nster overbelasterbelaster b\u00e5de \u00f8kosystemer og ressursgrunnlag. Vi \u00f8nsker \u00e5 fremme gode sirkul\u00e6re l\u00f8sninger som gj\u00f8r det enklere \u00e5 reparere, gjenbruke og redusere un\u00f8dvendig forbruk.<\/p>\n          <a href=\"https:\/\/www.milj\u00f8vernforbundet.no\/overforbruk\" class=\"loc-btn se-mer\" target=\"_blank\" rel=\"noopener\">Se mer<\/a>\n        <\/div>\n      <\/div>\n\n      <div class=\"loc-modern-card\">\n        <img decoding=\"async\" src=\"https:\/\/nmf.no\/wp-content\/uploads\/2024\/06\/nasa-Q1p7bh3SHj8-unsplash.jpg\" alt=\"Overbefolkning\" loading=\"lazy\">\n        <div class=\"loc-content\">\n          <h3>overpopulation<\/h3>\n          <p>Den globale befolkningsveksten \u00f8ker presset p\u00e5 klima, natur og viktige ressurser. Vi arbeider for st\u00f8rre fokus p\u00e5 b\u00e6rekraftige l\u00f8sninger, bedre forvaltning og tiltak som sikrer en trygg fremtid for b\u00e5de mennesker og milj\u00f8.<\/p>\n          <a href=\"https:\/\/www.milj\u00f8vernforbundet.no\/overbefolkning\" class=\"loc-btn se-mer\" target=\"_blank\" rel=\"noopener\">Se mer<\/a>\n        <\/div>\n      <\/div>\n\n    <\/div>\n  <\/div>\n<\/section>\n\n<style>\n\/* ---------------------------\n   GENERELL WRAPPER\n--------------------------- *\/\n.omnmf-locations-inner {\n  max-width: 1100px;\n  margin: 0 auto;\n  padding: 0 1rem;\n  box-sizing: border-box;\n}\n\n\/* ---------------------------\n   GRID \u2013 3 kolonner\n--------------------------- *\/\n.campaign-grid {\n  display: grid;\n  grid-template-columns: repeat(3, 1fr);\n  gap: 2.5rem;\n  margin-top: 2.5rem;\n  justify-items: center;\n  max-width: 1100px;\n  margin-left: auto;\n  margin-right: auto;\n}\n\n\/* ---------------------------\n   GRID-KORT (samme som i kode 1)\n--------------------------- *\/\n.campaign-grid .loc-modern-card {\n  background: #fff;\n  border-radius: 18px;\n  box-shadow: 0 6px 28px rgba(0,0,0,0.12);\n  display: flex;\n  flex-direction: column;\n\n  \/* IDENTISK MED KODE 1 *\/\n  width: 100%;\n  max-width: 360px;\n  height: 580px;\n\n  box-sizing: border-box;\n}\n\n\/* ---------------------------\n   BILDER I KORTENE\n--------------------------- *\/\n.campaign-grid .loc-modern-card img {\n  width: 100%;\n  height: 260px;\n  object-fit: cover;\n  object-position: center;\n  border-radius: 18px 18px 0 0;\n  display: block;\n}\n\n\/* ---------------------------\n   INNHOLD I KORTENE\n--------------------------- *\/\n.loc-content {\n  padding: 1.4rem 1.8rem 1.8rem 1.8rem; \/* MATCHER KODE 1 *\/\n  display: flex;\n  flex-direction: column;\n  flex-grow: 1;\n}\n\n.loc-content h3 {\n  font-family: 'Literata', serif;\n  font-size: 1.6rem;\n  color: #3a7ca5;\n  margin-bottom: 1rem;\n  text-align: center;\n}\n\n.loc-content p {\n  font-family: 'Inter', sans-serif;\n  opacity: 0.9;\n  line-height: 1.7;\n  margin-bottom: auto;\n  text-align: center;\n}\n\n\/* ---------------------------\n   KNAPPER\n--------------------------- *\/\n.loc-btn.se-mer {\n  padding: 0.6rem 1.6rem;\n  border-radius: 8px;\n  background-color: #3a7ca5;\n  color: #fff;\n  text-decoration: none;\n  font-weight: 600;\n  transition: background 0.3s ease;\n  margin-top: 1rem;\n\n  \/* IDENTISK: midtstilt i alle mindre kort *\/\n  align-self: center;\n}\n\n.loc-btn.se-mer:hover {\n  background-color: #2a5d7f;\n}\n\n\/* ---------------------------\n   RESPONSIVE\n--------------------------- *\/\n@media (max-width: 1200px) {\n  .campaign-grid {\n    grid-template-columns: repeat(2, 1fr);\n  }\n}\n\n@media (max-width: 700px) {\n\n  .omnmf-locations-inner {\n    max-width: 95%;\n    padding-left: 2.5%;\n    padding-right: 2.5%;\n  }\n\n  .campaign-grid {\n    grid-template-columns: 1fr;\n  }\n\n  .campaign-grid .loc-modern-card {\n    max-width: 100%;\n    height: auto;\n  }\n\n  .campaign-grid .loc-modern-card img {\n    height: 220px;\n  }\n}\n\n<\/style>\n\n\t\t<\/div>\n\t<\/div>\n<\/div><\/div><\/div><\/div>\n<\/div>","protected":false},"excerpt":{"rendered":"<p> [&#8230;]<\/p>\n<p><a class=\"btn btn-secondary vidiflex-read-more-link\" href=\"https:\/\/nmf.no\/en\/miljokampanjer\/\">Read More&#8230;<\/a><\/p>\n","protected":false},"author":2,"featured_media":0,"parent":0,"menu_order":0,"comment_status":"closed","ping_status":"closed","template":"","meta":{"footnotes":""},"class_list":["post-5885","page","type-page","status-publish","hentry"],"acf":[],"_links":{"self":[{"href":"https:\/\/nmf.no\/en\/wp-json\/wp\/v2\/pages\/5885","targetHints":{"allow":["GET"]}}],"collection":[{"href":"https:\/\/nmf.no\/en\/wp-json\/wp\/v2\/pages"}],"about":[{"href":"https:\/\/nmf.no\/en\/wp-json\/wp\/v2\/types\/page"}],"author":[{"embeddable":true,"href":"https:\/\/nmf.no\/en\/wp-json\/wp\/v2\/users\/2"}],"replies":[{"embeddable":true,"href":"https:\/\/nmf.no\/en\/wp-json\/wp\/v2\/comments?post=5885"}],"version-history":[{"count":3,"href":"https:\/\/nmf.no\/en\/wp-json\/wp\/v2\/pages\/5885\/revisions"}],"predecessor-version":[{"id":5958,"href":"https:\/\/nmf.no\/en\/wp-json\/wp\/v2\/pages\/5885\/revisions\/5958"}],"wp:attachment":[{"href":"https:\/\/nmf.no\/en\/wp-json\/wp\/v2\/media?parent=5885"}],"curies":[{"name":"wp","href":"https:\/\/api.w.org\/{rel}","templated":true}]}}